{"id":38,"date":"2021-08-23T09:38:29","date_gmt":"2021-08-23T07:38:29","guid":{"rendered":"http:\/\/www.intra.stvincentdepaulsoissons.org\/svp\/?page_id=38"},"modified":"2025-11-27T11:29:30","modified_gmt":"2025-11-27T10:29:30","slug":"accueil","status":"publish","type":"page","link":"https:\/\/www.intra.stvincentdepaulsoissons.org\/svp\/","title":{"rendered":"ACCUEIL"},"content":{"rendered":"<div class=\"post-content\">\n<div class=\"wp-block-columns alignwide are-vertically-aligned-top is-layout-flex wp-container-core-columns-is-layout-9d6595d7 wp-block-columns-is-layout-flex\">\n<div class=\"wp-block-column is-vertically-aligned-top is-layout-flow wp-block-column-is-layout-flow\" style=\"flex-basis:33%\">\n<div class=\"wp-block-group\"><div class=\"wp-block-group__inner-container is-layout-flow wp-block-group-is-layout-flow\">\n<div class=\"wp-block-group\"><div class=\"wp-block-group__inner-container is-layout-flow wp-block-group-is-layout-flow\">\n<p style=\"text-align: center;\">Site de l&rsquo;\u00e9tablissement<a href=\"https:\/\/www.stvincentdepaulsoissons.org\" target=\"_blank\" rel=\"noopener noreferrer\"><img loading=\"lazy\" decoding=\"async\" class=\"wp-image-47 aligncenter\" src=\"http:\/\/www.intra.stvincentdepaulsoissons.org\/svp\/wp-content\/uploads\/2021\/08\/newsitelycee.jpg\" alt=\"\" width=\"267\" height=\"130\" \/><\/a><\/p>\n\n\n\n<p><\/p>\n<\/div><\/div>\n\n\n\n<p><\/p>\n<\/div><\/div>\n<\/div>\n\n\n\n<div class=\"wp-block-column is-vertically-aligned-top is-layout-flow wp-block-column-is-layout-flow\" style=\"flex-basis:33%\">\n<div class=\"wp-block-group\"><div class=\"wp-block-group__inner-container is-layout-flow wp-block-group-is-layout-flow\">\n<p style=\"text-align: center;\">Ecole Directe<a href=\"https:\/\/www.ecoledirecte.com\" target=\"_blank\" rel=\"noopener noreferrer\"><img loading=\"lazy\" decoding=\"async\" class=\"wp-image-51 aligncenter\" src=\"http:\/\/www.intra.stvincentdepaulsoissons.org\/svp\/wp-content\/uploads\/2021\/08\/portail-Copy-1.jpg\" alt=\"\" width=\"106\" height=\"161\"><\/a><\/p>\n<\/div><\/div>\n<\/div>\n\n\n\n<div class=\"wp-block-column is-vertically-aligned-top is-layout-flow wp-block-column-is-layout-flow\" style=\"flex-basis:33%\">\n<div class=\"wp-block-group\"><div class=\"wp-block-group__inner-container is-layout-flow wp-block-group-is-layout-flow\">\n<p style=\"text-align: center;\">Portail de l&rsquo;Etablissement<a href=\"https:\/\/www.stvincentdepaulsoissons.net\" target=\"_blank\" rel=\"noopener noreferrer\"><img loading=\"lazy\" decoding=\"async\" class=\"size-full wp-image-55 aligncenter\" src=\"http:\/\/www.intra.stvincentdepaulsoissons.org\/svp\/wp-content\/uploads\/2021\/08\/portail.jpg\" alt=\"\" width=\"200\" height=\"154\" \/><\/a><\/p>\n<\/div><\/div>\n<\/div>\n<\/div>\n\n\n\n<p><\/p>\n\n\n\n<div class=\"wp-block-columns is-layout-flex wp-container-core-columns-is-layout-9d6595d7 wp-block-columns-is-layout-flex\">\n<div class=\"wp-block-column is-layout-flow wp-block-column-is-layout-flow\">\n<p style=\"text-align: center;\">Le site du CVAM<a href=\"http:\/\/www.cvam.eu\" target=\"_blank\" rel=\"noopener noreferrer\"><img loading=\"lazy\" decoding=\"async\" class=\"wp-image-113 alignnone\" src=\"http:\/\/www.intra.stvincentdepaulsoissons.org\/svp\/wp-content\/uploads\/2021\/08\/logocvam.jpg\" alt=\"\" width=\"277\" height=\"122\"><\/a><\/p>\n<p style=\"text-align: center;\">\n<\/div>\n\n\n\n<div class=\"wp-block-column is-layout-flow wp-block-column-is-layout-flow\">\n<p style=\"text-align: center;\">CFA Jean Bosco<a href=\"https:\/\/www.cfajeanbosco.fr\/\" target=\"_blank\" rel=\"noopener noreferrer\"><img loading=\"lazy\" decoding=\"async\" class=\"wp-image-116 aligncenter\" src=\"http:\/\/www.intra.stvincentdepaulsoissons.org\/svp\/wp-content\/uploads\/2021\/08\/CFA_LOGO_WEB_RVB_SANS-e1629723774109-300x152.jpg\" alt=\"\" width=\"280\" height=\"142\" srcset=\"https:\/\/www.intra.stvincentdepaulsoissons.org\/svp\/wp-content\/uploads\/2021\/08\/CFA_LOGO_WEB_RVB_SANS-e1629723774109-300x152.jpg 300w, https:\/\/www.intra.stvincentdepaulsoissons.org\/svp\/wp-content\/uploads\/2021\/08\/CFA_LOGO_WEB_RVB_SANS-e1629723774109.jpg 443w\" sizes=\"auto, (max-width: 280px) 100vw, 280px\" \/><\/a><\/p>\n<p style=\"text-align: center;\">\n<\/div>\n\n\n\n<div class=\"wp-block-column is-layout-flow wp-block-column-is-layout-flow\">\n<p style=\"text-align: center;\">Vincent de Paul R\u00e9seaux et Formation<a href=\"https:\/\/www.vdp-formation.fr\/\" target=\"_blank\" rel=\"noopener noreferrer\"><img loading=\"lazy\" decoding=\"async\" class=\"size-medium wp-image-117 aligncenter\" src=\"http:\/\/www.intra.stvincentdepaulsoissons.org\/svp\/wp-content\/uploads\/2021\/08\/rvpformation_logo-e1629723647790-300x166.png\" alt=\"\" width=\"300\" height=\"166\" srcset=\"https:\/\/www.intra.stvincentdepaulsoissons.org\/svp\/wp-content\/uploads\/2021\/08\/rvpformation_logo-e1629723647790-300x166.png 300w, https:\/\/www.intra.stvincentdepaulsoissons.org\/svp\/wp-content\/uploads\/2021\/08\/rvpformation_logo-e1629723647790-1024x566.png 1024w, https:\/\/www.intra.stvincentdepaulsoissons.org\/svp\/wp-content\/uploads\/2021\/08\/rvpformation_logo-e1629723647790-768x424.png 768w, https:\/\/www.intra.stvincentdepaulsoissons.org\/svp\/wp-content\/uploads\/2021\/08\/rvpformation_logo-e1629723647790-1536x849.png 1536w, https:\/\/www.intra.stvincentdepaulsoissons.org\/svp\/wp-content\/uploads\/2021\/08\/rvpformation_logo-e1629723647790.png 1920w\" sizes=\"auto, (max-width: 300px) 100vw, 300px\" \/><\/a><\/p>\n<p style=\"text-align: center;\">\n<\/div>\n<\/div>\n\n\n<hr>\n<h2><span style=\"color: #ffffff;\">Charte du Bon usage du r\u00e9seau et de l&rsquo;informatique<\/span><\/h2>\n<h2><span style=\"color: #ffffff;\"><span id=\"page3R_mcid0\" class=\"markedContent\"><\/span><span id=\"page3R_mcid38\" class=\"markedContent\">Quelques r\u00e8gles de bases<\/span><\/span><\/h2>\n<p><span style=\"color: #ffffff;\"><span id=\"page3R_mcid38\" class=\"markedContent\"><br role=\"presentation\"><span dir=\"ltr\" role=\"presentation\">Le mat\u00e9riel informatique est mis \u00e0 votre disposition par l\u2019\u00e9tablissement, et <\/span><\/span><span id=\"page3R_mcid39\" class=\"markedContent\"><span dir=\"ltr\" role=\"presentation\">lui appartient. Il est fragile et doit donc \u00eatre manipul\u00e9 avec pr\u00e9caution <\/span><\/span><span id=\"page3R_mcid40\" class=\"markedContent\"><span dir=\"ltr\" role=\"presentation\">et <\/span><\/span><span id=\"page3R_mcid41\" class=\"markedContent\"><span dir=\"ltr\" role=\"presentation\">dans le respect de certaines proc\u00e9dures \u00e0 savoir :<\/span><\/span><span id=\"page3R_mcid42\" class=\"markedContent\"> <\/span><span id=\"page3R_mcid43\" class=\"markedContent\"><\/span><span id=\"page3R_mcid44\" class=\"markedContent\"><\/span><\/span><\/p>\n<ul>\n<li><span style=\"color: #ffffff;\"><span id=\"page3R_mcid44\" class=\"markedContent\"><span dir=\"ltr\" role=\"presentation\">L&rsquo;utilisation des postes informatiques ou tablettes est uniquement autoris\u00e9e dans un cadre p\u00e9dagogique et non personnel.<\/span><\/span><span id=\"page3R_mcid45\" class=\"markedContent\"> <br \/><\/span><\/span><\/li>\n<li><span style=\"color: #ffffff;\"><span id=\"page3R_mcid46\" class=\"markedContent\"><span dir=\"ltr\" role=\"presentation\">Ne pas modifier l\u2019implantation des p\u00e9riph\u00e9riques (unit\u00e9s <\/span><\/span><span id=\"page3R_mcid47\" class=\"markedContent\"><span dir=\"ltr\" role=\"presentation\">centrales, moniteurs, imprimantes, souris, claviers etc&#8230;&#8230;.)<\/span><\/span><span id=\"page3R_mcid48\" class=\"markedContent\"> <\/span><span id=\"page3R_mcid49\" class=\"markedContent\"><\/span><span id=\"page3R_mcid50\" class=\"markedContent\"><\/span><\/span><\/li>\n<li><span style=\"color: #ffffff;\"><span id=\"page3R_mcid50\" class=\"markedContent\"><\/span><span id=\"page3R_mcid51\" class=\"markedContent\">&nbsp;<\/span><span id=\"page3R_mcid52\" class=\"markedContent\"><span dir=\"ltr\" role=\"presentation\">Ne modifier en aucun cas la configuration des ordinateurs : il <\/span><\/span><span id=\"page3R_mcid53\" class=\"markedContent\"><span dir=\"ltr\" role=\"presentation\">est notamment interdit d\u2019installer ses pro<\/span><\/span><span id=\"page3R_mcid54\" class=\"markedContent\"><span dir=\"ltr\" role=\"presentation\">pres logiciels sur les <\/span><\/span><span id=\"page3R_mcid55\" class=\"markedContent\"><span dir=\"ltr\" role=\"presentation\">ordinateurs de l\u2019\u00e9tablissement ou de chercher \u00e0 alt\u00e9rer les <\/span><\/span><span id=\"page3R_mcid56\" class=\"markedContent\"><span dir=\"ltr\" role=\"presentation\">installations faites sur le r\u00e9seau.<\/span><\/span><span id=\"page3R_mcid57\" class=\"markedContent\"> <\/span><span id=\"page3R_mcid58\" class=\"markedContent\"><\/span><span id=\"page3R_mcid59\" class=\"markedContent\"><\/span><\/span><\/li>\n<li><span style=\"color: #ffffff;\"><span id=\"page3R_mcid59\" class=\"markedContent\"><\/span><span id=\"page3R_mcid60\" class=\"markedContent\">&nbsp;<\/span><span id=\"page3R_mcid61\" class=\"markedContent\"><span dir=\"ltr\" role=\"presentation\">Ne pas effacer de fichiers autres que les documents <\/span><\/span><span id=\"page3R_mcid62\" class=\"markedContent\"><span dir=\"ltr\" role=\"presentation\">personnels.<\/span><\/span><span id=\"page3R_mcid63\" class=\"markedContent\"> <\/span><span id=\"page3R_mcid64\" class=\"markedContent\"><\/span><span id=\"page3R_mcid65\" class=\"markedContent\"><\/span><\/span><\/li>\n<li><span style=\"color: #ffffff;\"><span id=\"page3R_mcid66\" class=\"markedContent\">&nbsp;<\/span><span id=\"page3R_mcid67\" class=\"markedContent\"><span dir=\"ltr\" role=\"presentation\">Fermer correctement les logiciels et le poste que l\u2019on utilise.<\/span><\/span><span id=\"page3R_mcid68\" class=\"markedContent\"> <\/span><\/span><\/li>\n<li><span style=\"color: #ffffff;\"><span id=\"page3R_mcid70\" class=\"markedContent\"><\/span><span id=\"page3R_mcid71\" class=\"markedContent\">&nbsp;<\/span><span id=\"page3R_mcid72\" class=\"markedContent\"><span dir=\"ltr\" role=\"presentation\">Faire app<\/span><\/span><span id=\"page3R_mcid73\" class=\"markedContent\"><span dir=\"ltr\" role=\"presentation\">el \u00e0 un professeur ou \u00e0 un responsable en cas de <\/span><\/span><span id=\"page3R_mcid74\" class=\"markedContent\"><span dir=\"ltr\" role=\"presentation\">probl\u00e8me sur l\u2019ordinateur ou de doute quant \u00e0 son utilisation.<\/span><\/span><span id=\"page3R_mcid75\" class=\"markedContent\"> <\/span><span id=\"page3R_mcid76\" class=\"markedContent\"><\/span><span id=\"page3R_mcid77\" class=\"markedContent\"> <\/span><\/span><\/li>\n<li><span style=\"color: #ffffff;\"><span id=\"page3R_mcid77\" class=\"markedContent\">&nbsp;Les impressions de documents sont faites avec l&rsquo;accord de l&rsquo;enseignant qui vous encadre.<br role=\"presentation\"><\/span><span id=\"page3R_mcid80\" class=\"markedContent\"><\/span><span id=\"page3R_mcid81\" class=\"markedContent\"> <\/span><\/span><\/li>\n<\/ul>\n<p><span style=\"color: #ffffff;\">En cas de manquements graves \u00e0 ces r\u00e8gles ceux ci pourraient \u00eatre sanctionn\u00e9s <\/span><\/p>\n<\/p>\n\n\n<div class=\"wp-block-buttons is-layout-flex wp-block-buttons-is-layout-flex\">\n<div class=\"wp-block-button\"><a class=\"wp-block-button__link wp-element-button\" href=\"http:\/\/www.intra.stvincentdepaulsoissons.org\/svp\/wp-content\/uploads\/2021\/08\/chartepedagogique.pdf\" target=\"_blank\" rel=\"noreferrer noopener\">R\u00e9seau P\u00e9dagogique <\/a><\/div>\n\n\n\n<div class=\"wp-block-button\"><a class=\"wp-block-button__link wp-element-button\" href=\"\" target=\"_blank\" rel=\"noreferrer noopener\">R\u00e9seau Administratif<\/a><\/div>\n<\/div>\n<\/div>","protected":false},"excerpt":{"rendered":"<p>Site de l&rsquo;\u00e9tablissement Ecole Directe Portail de l&rsquo;Etablissement Le site<a href=\"https:\/\/www.intra.stvincentdepaulsoissons.org\/svp\/\">Read More<i class=\"fa fa-long-arrow-right\" aria-hidden=\"true\"><\/i><\/a><\/p>\n","protected":false},"author":1,"featured_media":0,"parent":0,"menu_order":0,"comment_status":"closed","ping_status":"closed","template":"","meta":{"footnotes":""},"class_list":["post-38","page","type-page","status-publish","hentry"],"_links":{"self":[{"href":"https:\/\/www.intra.stvincentdepaulsoissons.org\/svp\/wp-json\/wp\/v2\/pages\/38","targetHints":{"allow":["GET"]}}],"collection":[{"href":"https:\/\/www.intra.stvincentdepaulsoissons.org\/svp\/wp-json\/wp\/v2\/pages"}],"about":[{"href":"https:\/\/www.intra.stvincentdepaulsoissons.org\/svp\/wp-json\/wp\/v2\/types\/page"}],"author":[{"embeddable":true,"href":"https:\/\/www.intra.stvincentdepaulsoissons.org\/svp\/wp-json\/wp\/v2\/users\/1"}],"replies":[{"embeddable":true,"href":"https:\/\/www.intra.stvincentdepaulsoissons.org\/svp\/wp-json\/wp\/v2\/comments?post=38"}],"version-history":[{"count":64,"href":"https:\/\/www.intra.stvincentdepaulsoissons.org\/svp\/wp-json\/wp\/v2\/pages\/38\/revisions"}],"predecessor-version":[{"id":349,"href":"https:\/\/www.intra.stvincentdepaulsoissons.org\/svp\/wp-json\/wp\/v2\/pages\/38\/revisions\/349"}],"wp:attachment":[{"href":"https:\/\/www.intra.stvincentdepaulsoissons.org\/svp\/wp-json\/wp\/v2\/media?parent=38"}],"curies":[{"name":"wp","href":"https:\/\/api.w.org\/{rel}","templated":true}]}}